{"id":54,"date":"2023-10-20T16:07:09","date_gmt":"2023-10-20T14:07:09","guid":{"rendered":"http:\/\/sadb.be\/?page_id=54"},"modified":"2023-11-12T17:48:12","modified_gmt":"2023-11-12T16:48:12","slug":"mesmerize","status":"publish","type":"page","link":"https:\/\/sadb.be\/","title":{"rendered":"Accueil"},"content":{"rendered":"<div  id=\"about-1\" class=\"about-1 content-section\" style=\"background-color: #f5fafd;\" data-label=\"About\" data-id=\"about-1\" data-export-id=\"about-1\" data-category=\"about\">\n<div  class=\"gridContainer\">\n<div  class=\"row text-center\">\n<div  class=\"section-title-col\" data-type=\"column\">\n<h2  class=\"\"><span  style=\"font-weight: bold; font-family: Playfair Display,sans-serif; font-style: italic;\">Soins infirmiers \u00c0 Domicile Bruxelles<\/span><\/h2><h3  class=\"\">T\u00e9l. 04 83 29 28 76<\/h3>\n\n<h4  class=\"\">Proche de chez vous 7j\/7 &amp; 24h\/24<\/h4><p  class=\"lead\">Nos infirmiers(es) se d\u00e9placent \u00e0 votre domicile pour vos soins dans les communes de : Woluwe Saint-Lambert,&nbsp; Woluwe Saint-Pierre, Woluwe Saint-\u00c9tienne, Auderghem, Wezembeek-Oppem, Kraainem, Etterbeek &amp; Evere.<\/p>\n\n<h3  class=\"\">Notre \u00e9quipe est conventionn\u00e9e, vous n\u2019aurez rien \u00e0 payer, nous facturons directement \u00e0 votre mutuelle. <\/h3><\/div>\n<\/div>\n<div  class=\"row\">\n<div  class=\"button-holder space-bottom space-bottom-small\" data-type=\"column\"><\/div>\n<div  class=\"col-xs bottom-xs flexbox image-group-bottom-3-img space-bottom-xs center-xs\"><img  decoding=\"async\" class=\"left-img shadow-large-black\" src=\"http:\/\/sadb.be\/wp-content\/uploads\/2023\/10\/cropped-sadb-soins-a-domicile-bruxelles-005.jpg\" data-size=\"500x300\" title=\"\" alt=\"SADB soins \u00e0 somicile bruxelles 004\"> <img  decoding=\"async\" class=\"center-img shadow-large-black\" src=\"http:\/\/sadb.be\/wp-content\/uploads\/2023\/10\/cropped-sadb-soins-a-domicile-bruxelles-002.jpg\" data-size=\"500x300\" title=\"\" alt=\"SADB soins \u00e0 somicile bruxelles 002\"> <img  decoding=\"async\" class=\"right-img shadow-large-black\" src=\"http:\/\/sadb.be\/wp-content\/uploads\/2023\/10\/cropped-sadb-soins-a-domicile-bruxelles-001-1.jpg\" data-size=\"500x300\" title=\"\" alt=\"SADB soins \u00e0 somicile bruxelles 003\"><\/div>\n<\/div>\n<\/div>\n<\/div><div  id=\"features-3\" class=\"features-12-card-bordered content-section content-section-spacing \" style=\"background-color: #ffffff;\" data-label=\"Features\" data-id=\"features-12-card-bordered\" data-export-id=\"features-12-card-bordered\" data-category=\"features\">\n<div  class=\"gridContainer\">\n<div  class=\"row text-center\">\n<div  class=\"section-title-col\" data-type=\"column\">\n<h2  class=\"\">Quelques domaines de soins apport\u00e9s<\/h2>\n\n\n<\/div>\n<\/div>\n<div  class=\"row spaced-cols\" data-type=\"row\">\n<div  class=\"col-sm-6\">\n<div  class=\"card row-card bordered y-move\">\n<div  class=\"row\">\n<div  class=\"col-sm-fit icon-column\"><\/div>\n<div  class=\"col-sm\" data-type=\"column\">\n<h5  class=\"color2\">Toilette<\/h5>\n<p  class=\"\">Vous trouverez des difficult\u00e9s pour vos soins d\u2019hygi\u00e8ne nous sommes l\u00e0 pour vous aider, nous utilisons vos produits et respectons vos habitudes.<\/p>\n\n<\/div>\n<\/div>\n<\/div>\n<\/div>\n<div  class=\"col-sm-6\">\n<div  class=\"card row-card bordered y-move\">\n<div  class=\"row\">\n<div  class=\"col-sm-fit icon-column\"><\/div>\n<div  class=\"col-sm\" data-type=\"column\">\n<h5  class=\"color2\">Nutrition parent\u00e9rale et ent\u00e9rale<\/h5>\n<p  class=\"\">Alimentation via sonde naso-gastrique,&nbsp; j\u00e9junostomie , perfusion via port \u00e0 cath ou cath\u00e9ter veineux centrale.<\/p>\n\n<\/div>\n<\/div>\n<\/div>\n<\/div>\n<div  class=\"col-sm-6\">\n<div  class=\"card row-card bordered y-move\">\n<div  class=\"row\">\n<div  class=\"col-sm-fit icon-column\"><\/div>\n<div  class=\"col-sm\" data-type=\"column\">\n<h5  class=\"color2\">Pansements<\/h5>\n<p  class=\"\">Nous soignons tous types de plaies, nous surveillons l\u2019\u00e9volution de la cicatrisation et nous enlevons les points de suture.<\/p>\n\n<\/div>\n<\/div>\n<\/div>\n<\/div>\n<div  class=\"col-sm-6\">\n<div  class=\"card row-card bordered y-move\">\n<div  class=\"row\">\n<div  class=\"col-sm-fit icon-column\"><\/div>\n<div  class=\"col-sm\" data-type=\"column\">\n<h5  class=\"color2\">Soins palliatifs <\/h5>\n<p  class=\"\">Nos infirmi\u00e8res assurent les soins n\u00e9cessaires \u00e0 domicile et une prise en charge globale des patients afin de les aider \u00e0 supporter et apaiser la maladie et les douleurs.<\/p>\n\n<\/div>\n<\/div>\n<\/div>\n<\/div>\n<div  class=\"col-sm-6\">\n<div  class=\"card row-card bordered y-move\">\n<div  class=\"row\">\n<div  class=\"col-sm-fit icon-column\"><\/div>\n<div  class=\"col-sm\" data-type=\"column\">\n<h5  class=\"color2\">Soins colostomies et urostomies<\/h5>\n<p  class=\"\">Nous changeons&nbsp;vos poches de colostomies et d\u2019urostomies selon les r\u00e8gles de l\u2019art afin d\u2019\u00e9viter toute fuite possible.<\/p>\n\n<\/div>\n<\/div>\n<\/div>\n<\/div><div  class=\"col-sm-6\">\n<div  class=\"card row-card bordered y-move\">\n<div  class=\"row\">\n<div  class=\"col-sm-fit icon-column\"><\/div>\n<div  class=\"col-sm\" data-type=\"column\">\n<h5  class=\"color2\">Injections<\/h5>\n<p  class=\"\">Nous r\u00e9alisons sous prescription m\u00e9dicale tous types d\u2019injection (sous cutan\u00e9e, intraveineuse, intra musculaire).<\/p>\n\n<\/div>\n<\/div>\n<\/div>\n<\/div><div  class=\"col-sm-6\">\n<div  class=\"card row-card bordered y-move\">\n<div  class=\"row\">\n<div  class=\"col-sm-fit icon-column\"><\/div>\n<div  class=\"col-sm\" data-type=\"column\">\n<h5  class=\"color2\">Pilulier et administration des m\u00e9dicaments <\/h5>\n<p  class=\"\">Nous assurons la pr\u00e9paration et l\u2019administration des m\u00e9dicaments prescrits par votre m\u00e9decin.<\/p>\n\n<\/div>\n<\/div>\n<\/div>\n<\/div><div  class=\"col-sm-6\">\n<div  class=\"card row-card bordered y-move\">\n<div  class=\"row\">\n<div  class=\"col-sm-fit icon-column\"><\/div>\n<div  class=\"col-sm\" data-type=\"column\">\n<h5  class=\"color2\">Soins diab\u00e9tiques <\/h5>\n<p  class=\"\">Nous r\u00e9alisons un dextro (taux de sucre dans le sang ), pr\u00e9venons les hypo et hyper glyc\u00e9mie et nous surveillons les plaies diab\u00e9tiques.<\/p>\n\n<\/div>\n<\/div>\n<\/div>\n<\/div><\/div>\n<\/div>\n<\/div><div  id=\"testimonials-5\" class=\"testimonials-5 content-section content-section-spacing\" style=\"background-color: #ffffff;\" data-label=\"Testimonials\" data-id=\"testimonials-5\" data-export-id=\"testimonials-5\" data-category=\"testimonials\">\n<div  class=\"gridContainer\">\n<div  class=\"row\">\n<div  class=\"section-title-col\" data-type=\"column\">\n<h2  class=\"\">T\u00e9moignages<\/h2>\n<p  class=\"lead\">Ne nous croyez pas sur parole \u2013&nbsp;voici ce que disent nos patients :<\/p>\n\n<\/div>\n<\/div>\n<div  class=\"row spaced-cols content-center-sm\" data-type=\"row\">\n<div  class=\"col-xs-12 col-sm-6 col-md-4\">\n<div  class=\"card y-move bordered\" data-type=\"column\"><i  class=\"fa fa-quote-right icon color1 small quotation-icon\"><\/i>\n<p  class=\"text-center\">Le personnel infirmier est professionnel, exp\u00e9riment\u00e9,  \u00e0 l&rsquo;\u00e9coute des patients. <br >Ponctuels, tr\u00e8s sociables,  ils arrivent toujours avec le sourire. Ils me soignent depuis une dizaine d&rsquo;ann\u00e9es. <\/p>\n<img  decoding=\"async\" class=\"round icon\" title=\"\" src=\"https:\/\/sadb.be\/wp-content\/uploads\/2023\/10\/cropped-silhouette-woman-SADB.jpg\" alt=\"silhouette\">\n<h6  class=\"\">M. Neirinck <\/h6>\n\n\n<\/div>\n<\/div>\n<div  class=\"col-xs-12 col-sm-6 col-md-4\">\n<div  class=\"card y-move bordered\" data-type=\"column\"><i  class=\"fa fa-quote-right icon color1 small quotation-icon\"><\/i>\n<p  class=\"text-center\">Do you sometimes have the feeling that you\u2019re running into the same obstacles over and over again? Many of my conflicts have the same feel to them, like \u201cHey, I think I\u2019ve been here before,<\/p>\n<img  decoding=\"async\" class=\"round icon\" src=\"https:\/\/sadb.be\/wp-content\/uploads\/2023\/10\/cropped-silhouette-men-SADB.jpg\" title=\"\" alt=\"silhouette\">\n<h6  class=\"\">John Doe<\/h6>\n\n\n<\/div>\n<\/div>\n<div  class=\"col-xs-12 col-sm-6 col-md-4\">\n<div  class=\"card y-move bordered\" data-type=\"column\"><i  class=\"fa fa-quote-right icon color1 small quotation-icon\"><\/i>\n<p  class=\"text-center\">Do you sometimes have the feeling that you\u2019re running into the same obstacles over and over again? Many of my conflicts have the same feel to them, like \u201cHey, I think I\u2019ve been here before,<\/p>\n<img  decoding=\"async\" class=\"round icon\" title=\"\" src=\"https:\/\/sadb.be\/wp-content\/uploads\/2023\/10\/silhouette-woman-SADB.jpg\" alt=\"silhouette\">\n<h6  class=\"\">John Doe<\/h6>\n\n\n<\/div>\n<\/div>\n<\/div>\n<\/div>\n<\/div><div  id=\"cta-1\" class=\"cta-blue-section content-section content-section-spacing-medium bg-color1 white-text\" data-label=\"Cta\" data-id=\"cta-blue-section\" data-export-id=\"cta-blue-section\" data-category=\"cta\">\n<div  class=\"gridContainer\">\n<div  class=\"row middle-xs\">\n<div  class=\"col-sm-8 space-bottom-xs\" data-type=\"column\">\n<h2  class=\"\">Rejoignez-nous ! Cela ne prendra qu\u2019une minute<\/h2>\n<\/div>\n<div  class=\"col-sm-4 end-sm\" data-type=\"column\"><a class=\"button color2\" href=\"https:\/\/sadb.be?page_id=11\" target=\"_self\" rel=\"noopener\" data-cp-link=\"1\">COMMENCER AUJOURD\u2019HUI<\/a><\/div>\n<\/div>\n<\/div>\n<\/div><div  id=\"team-2\" class=\"team-2 content-section content-section-spacing\" style=\"background-color: #ffffff;\" data-label=\"Team\" data-id=\"team-2\" data-export-id=\"team-2\" data-category=\"team\">\n<div  class=\"gridContainer\">\n<div  class=\"row text-center\">\n<div  class=\"section-title-col\" data-type=\"column\">\n<h2  class=\"\">Notre \u00e9quipe<\/h2>\n<p  class=\"lead\">Disponible 24h\/24 et 7j\/7<\/p>\n\n<\/div>\n<\/div>\n<div  class=\"row spaced-cols content-center-sm\" data-type=\"row\">\n<div  class=\"col-sm-6 col-md-3\">\n<div  class=\"card y-move no-padding bordered\"><img  decoding=\"async\" class=\"face\" src=\"http:\/\/sadb.be\/wp-content\/plugins\/mesmerize-companion\/theme-data\/mesmerize\/sections\/images\/team-1.jpg\">\n<div  class=\"col-padding-small col-padding-small-xs description-container\" data-type=\"column\">\n<h4  class=\"font-500\">Team Member<\/h4>\n<p  class=\"small\" style=\"font-style: italic;\">Infirmi\u00e8re<\/p>\n\n<div  class=\"social-icons-group\" data-type=\"group\"><\/div>\n<\/div>\n<\/div>\n<\/div>\n<div  class=\"col-sm-6 col-md-3\">\n<div  class=\"card y-move no-padding bordered\"><img  decoding=\"async\" class=\"face\" src=\"http:\/\/sadb.be\/wp-content\/plugins\/mesmerize-companion\/theme-data\/mesmerize\/sections\/images\/team-2.jpg\">\n<div  class=\"col-padding-small col-padding-small-xs description-container\" data-type=\"column\">\n<h4  class=\"font-500\">Membre de l\u2019\u00e9quipe<\/h4>\n<p  class=\"small\" style=\"font-style: italic;\">infirmier<\/p>\n\n<div  class=\"social-icons-group\" data-type=\"group\"><\/div>\n<\/div>\n<\/div>\n<\/div>\n<div  class=\"col-sm-6 col-md-3\">\n<div  class=\"card y-move no-padding bordered\"><img  decoding=\"async\" class=\"face\" src=\"http:\/\/sadb.be\/wp-content\/plugins\/mesmerize-companion\/theme-data\/mesmerize\/sections\/images\/team-3.jpg\">\n<div  class=\"col-padding-small col-padding-small-xs description-container\" data-type=\"column\">\n<h4  class=\"font-500\">Team Member<\/h4>\n<p  class=\"small\" style=\"font-style: italic;\">infirmi\u00e8re<\/p>\n\n<div  class=\"social-icons-group\" data-type=\"group\"><\/div>\n<\/div>\n<\/div>\n<\/div>\n\n<div  class=\"col-sm-6 col-md-3\">\n<div  class=\"card y-move no-padding bordered\"><img  decoding=\"async\" class=\"face\" src=\"http:\/\/sadb.be\/wp-content\/plugins\/mesmerize-companion\/theme-data\/mesmerize\/sections\/images\/team-2.jpg\">\n<div  class=\"col-padding-small col-padding-small-xs description-container\" data-type=\"column\">\n<h4  class=\"font-500\">Team Member<\/h4>\n<p  class=\"small\" style=\"font-style: italic;\">infirmier<\/p>\n\n<div  class=\"social-icons-group\" data-type=\"group\"><\/div>\n<\/div>\n<\/div>\n<\/div><\/div>\n<\/div>\n<\/div>","protected":false},"excerpt":{"rendered":"<p>Soins infirmiers \u00c0 Domicile BruxellesT\u00e9l. 04 83 29 28 76 Proche de chez vous 7j\/7 &amp; 24h\/24Nos infirmiers(es) se d\u00e9placent \u00e0 votre domicile pour vos soins dans les communes de : Woluwe Saint-Lambert,&nbsp; Woluwe Saint-Pierre, Woluwe Saint-\u00c9tienne, Auderghem, Wezembeek-Oppem, Kraainem, Etterbeek &amp; Evere. Notre \u00e9quipe est conventionn\u00e9e, vous n\u2019aurez rien \u00e0 payer, nous facturons directement&hellip; <br \/> <a class=\"read-more\" href=\"https:\/\/sadb.be\/\">Lire la suite<\/a><\/p>\n","protected":false},"author":1,"featured_media":0,"parent":0,"menu_order":0,"comment_status":"closed","ping_status":"closed","template":"page-templates\/homepage.php","meta":{"footnotes":""},"class_list":["post-54","page","type-page","status-publish","hentry"],"_links":{"self":[{"href":"https:\/\/sadb.be\/index.php?rest_route=\/wp\/v2\/pages\/54","targetHints":{"allow":["GET"]}}],"collection":[{"href":"https:\/\/sadb.be\/index.php?rest_route=\/wp\/v2\/pages"}],"about":[{"href":"https:\/\/sadb.be\/index.php?rest_route=\/wp\/v2\/types\/page"}],"author":[{"embeddable":true,"href":"https:\/\/sadb.be\/index.php?rest_route=\/wp\/v2\/users\/1"}],"replies":[{"embeddable":true,"href":"https:\/\/sadb.be\/index.php?rest_route=%2Fwp%2Fv2%2Fcomments&post=54"}],"version-history":[{"count":25,"href":"https:\/\/sadb.be\/index.php?rest_route=\/wp\/v2\/pages\/54\/revisions"}],"predecessor-version":[{"id":264,"href":"https:\/\/sadb.be\/index.php?rest_route=\/wp\/v2\/pages\/54\/revisions\/264"}],"wp:attachment":[{"href":"https:\/\/sadb.be\/index.php?rest_route=%2Fwp%2Fv2%2Fmedia&parent=54"}],"curies":[{"name":"wp","href":"https:\/\/api.w.org\/{rel}","templated":true}]}}